{"id":6503,"date":"2020-04-16T13:31:52","date_gmt":"2020-04-16T11:31:52","guid":{"rendered":"https:\/\/w-realestate.swiss\/home\/"},"modified":"2025-07-09T08:41:51","modified_gmt":"2025-07-09T06:41:51","slug":"home","status":"publish","type":"page","link":"https:\/\/w-realestate.swiss\/fr\/","title":{"rendered":"Home"},"content":{"rendered":"","protected":false},"excerpt":{"rendered":"","protected":false},"author":2,"featured_media":0,"parent":0,"menu_order":0,"comment_status":"closed","ping_status":"closed","template":"templates\/home.php","meta":{"_acf_changed":false,"inline_featured_image":false,"footnotes":""},"class_list":["post-6503","page","type-page","status-publish","hentry"],"acf":[],"yoast_head":"<!-- This site is optimized with the Yoast SEO plugin v27.5 - https:\/\/yoast.com\/product\/yoast-seo-wordpress\/ -->\n<title>Courtier immobilier \u00e0 Berne | Conseil personnalis\u00e9 | W Real Estate S\u00e0rl<\/title>\n<meta name=\"description\" content=\"W Real Estate vous accompagne \u00e0 Berne avec des solutions immobili\u00e8res sur mesure. Pour la vente, l\u2019achat ou l\u2019\u00e9valuation de votre bien. Parlons de votre projet d\u00e8s aujourd\u2019hui !\" \/>\n<meta name=\"robots\" content=\"index, follow, max-snippet:-1, max-image-preview:large, max-video-preview:-1\" \/>\n<link rel=\"canonical\" href=\"https:\/\/w-realestate.swiss\/fr\/\" \/>\n<meta property=\"og:locale\" content=\"fr_FR\" \/>\n<meta property=\"og:type\" content=\"article\" \/>\n<meta property=\"og:title\" content=\"Courtier immobilier \u00e0 Berne | Conseil personnalis\u00e9 | W Real Estate S\u00e0rl\" \/>\n<meta property=\"og:description\" content=\"W Real Estate vous accompagne \u00e0 Berne avec des solutions immobili\u00e8res sur mesure. Pour la vente, l\u2019achat ou l\u2019\u00e9valuation de votre bien. Parlons de votre projet d\u00e8s aujourd\u2019hui !\" \/>\n<meta property=\"og:url\" content=\"https:\/\/w-realestate.swiss\/fr\/\" \/>\n<meta property=\"og:site_name\" content=\"W Real Estate GmbH\" \/>\n<meta property=\"article:modified_time\" content=\"2025-07-09T06:41:51+00:00\" \/>\n<meta name=\"twitter:card\" content=\"summary_large_image\" \/>\n<script type=\"application\/ld+json\" class=\"yoast-schema-graph\">{\"@context\":\"https:\\\/\\\/schema.org\",\"@graph\":[{\"@type\":\"WebPage\",\"@id\":\"https:\\\/\\\/w-realestate.swiss\\\/fr\\\/\",\"url\":\"https:\\\/\\\/w-realestate.swiss\\\/fr\\\/\",\"name\":\"Courtier immobilier \u00e0 Berne | Conseil personnalis\u00e9 | W Real Estate S\u00e0rl\",\"isPartOf\":{\"@id\":\"https:\\\/\\\/w-realestate.swiss\\\/fr\\\/#website\"},\"datePublished\":\"2020-04-16T11:31:52+00:00\",\"dateModified\":\"2025-07-09T06:41:51+00:00\",\"description\":\"W Real Estate vous accompagne \u00e0 Berne avec des solutions immobili\u00e8res sur mesure. Pour la vente, l\u2019achat ou l\u2019\u00e9valuation de votre bien. Parlons de votre projet d\u00e8s aujourd\u2019hui !\",\"breadcrumb\":{\"@id\":\"https:\\\/\\\/w-realestate.swiss\\\/fr\\\/#breadcrumb\"},\"inLanguage\":\"fr-FR\",\"potentialAction\":[{\"@type\":\"ReadAction\",\"target\":[\"https:\\\/\\\/w-realestate.swiss\\\/fr\\\/\"]}]},{\"@type\":\"BreadcrumbList\",\"@id\":\"https:\\\/\\\/w-realestate.swiss\\\/fr\\\/#breadcrumb\",\"itemListElement\":[{\"@type\":\"ListItem\",\"position\":1,\"name\":\"Startseite\",\"item\":\"https:\\\/\\\/w-realestate.swiss\\\/fr\\\/\"},{\"@type\":\"ListItem\",\"position\":2,\"name\":\"Home\"}]},{\"@type\":\"WebSite\",\"@id\":\"https:\\\/\\\/w-realestate.swiss\\\/fr\\\/#website\",\"url\":\"https:\\\/\\\/w-realestate.swiss\\\/fr\\\/\",\"name\":\"W Real Estate\",\"description\":\"\",\"publisher\":{\"@id\":\"https:\\\/\\\/w-realestate.swiss\\\/fr\\\/#organization\"},\"potentialAction\":[{\"@type\":\"SearchAction\",\"target\":{\"@type\":\"EntryPoint\",\"urlTemplate\":\"https:\\\/\\\/w-realestate.swiss\\\/fr\\\/?s={search_term_string}\"},\"query-input\":{\"@type\":\"PropertyValueSpecification\",\"valueRequired\":true,\"valueName\":\"search_term_string\"}}],\"inLanguage\":\"fr-FR\"},{\"@type\":\"Organization\",\"@id\":\"https:\\\/\\\/w-realestate.swiss\\\/fr\\\/#organization\",\"name\":\"W Real Estate\",\"url\":\"https:\\\/\\\/w-realestate.swiss\\\/fr\\\/\",\"logo\":{\"@type\":\"ImageObject\",\"inLanguage\":\"fr-FR\",\"@id\":\"https:\\\/\\\/w-realestate.swiss\\\/fr\\\/#\\\/schema\\\/logo\\\/image\\\/\",\"url\":\"https:\\\/\\\/w-realestate.swiss\\\/wp-content\\\/uploads\\\/sites\\\/247\\\/2021\\\/03\\\/LOGO_W-REALESATE_Companie.svg\",\"contentUrl\":\"https:\\\/\\\/w-realestate.swiss\\\/wp-content\\\/uploads\\\/sites\\\/247\\\/2021\\\/03\\\/LOGO_W-REALESATE_Companie.svg\",\"caption\":\"W Real Estate\"},\"image\":{\"@id\":\"https:\\\/\\\/w-realestate.swiss\\\/fr\\\/#\\\/schema\\\/logo\\\/image\\\/\"}}]}<\/script>\n<!-- \/ Yoast SEO plugin. -->","yoast_head_json":{"title":"Courtier immobilier \u00e0 Berne | Conseil personnalis\u00e9 | W Real Estate S\u00e0rl","description":"W Real Estate vous accompagne \u00e0 Berne avec des solutions immobili\u00e8res sur mesure. Pour la vente, l\u2019achat ou l\u2019\u00e9valuation de votre bien. Parlons de votre projet d\u00e8s aujourd\u2019hui !","robots":{"index":"index","follow":"follow","max-snippet":"max-snippet:-1","max-image-preview":"max-image-preview:large","max-video-preview":"max-video-preview:-1"},"canonical":"https:\/\/w-realestate.swiss\/fr\/","og_locale":"fr_FR","og_type":"article","og_title":"Courtier immobilier \u00e0 Berne | Conseil personnalis\u00e9 | W Real Estate S\u00e0rl","og_description":"W Real Estate vous accompagne \u00e0 Berne avec des solutions immobili\u00e8res sur mesure. Pour la vente, l\u2019achat ou l\u2019\u00e9valuation de votre bien. Parlons de votre projet d\u00e8s aujourd\u2019hui !","og_url":"https:\/\/w-realestate.swiss\/fr\/","og_site_name":"W Real Estate GmbH","article_modified_time":"2025-07-09T06:41:51+00:00","twitter_card":"summary_large_image","schema":{"@context":"https:\/\/schema.org","@graph":[{"@type":"WebPage","@id":"https:\/\/w-realestate.swiss\/fr\/","url":"https:\/\/w-realestate.swiss\/fr\/","name":"Courtier immobilier \u00e0 Berne | Conseil personnalis\u00e9 | W Real Estate S\u00e0rl","isPartOf":{"@id":"https:\/\/w-realestate.swiss\/fr\/#website"},"datePublished":"2020-04-16T11:31:52+00:00","dateModified":"2025-07-09T06:41:51+00:00","description":"W Real Estate vous accompagne \u00e0 Berne avec des solutions immobili\u00e8res sur mesure. Pour la vente, l\u2019achat ou l\u2019\u00e9valuation de votre bien. Parlons de votre projet d\u00e8s aujourd\u2019hui !","breadcrumb":{"@id":"https:\/\/w-realestate.swiss\/fr\/#breadcrumb"},"inLanguage":"fr-FR","potentialAction":[{"@type":"ReadAction","target":["https:\/\/w-realestate.swiss\/fr\/"]}]},{"@type":"BreadcrumbList","@id":"https:\/\/w-realestate.swiss\/fr\/#breadcrumb","itemListElement":[{"@type":"ListItem","position":1,"name":"Startseite","item":"https:\/\/w-realestate.swiss\/fr\/"},{"@type":"ListItem","position":2,"name":"Home"}]},{"@type":"WebSite","@id":"https:\/\/w-realestate.swiss\/fr\/#website","url":"https:\/\/w-realestate.swiss\/fr\/","name":"W Real Estate","description":"","publisher":{"@id":"https:\/\/w-realestate.swiss\/fr\/#organization"},"potentialAction":[{"@type":"SearchAction","target":{"@type":"EntryPoint","urlTemplate":"https:\/\/w-realestate.swiss\/fr\/?s={search_term_string}"},"query-input":{"@type":"PropertyValueSpecification","valueRequired":true,"valueName":"search_term_string"}}],"inLanguage":"fr-FR"},{"@type":"Organization","@id":"https:\/\/w-realestate.swiss\/fr\/#organization","name":"W Real Estate","url":"https:\/\/w-realestate.swiss\/fr\/","logo":{"@type":"ImageObject","inLanguage":"fr-FR","@id":"https:\/\/w-realestate.swiss\/fr\/#\/schema\/logo\/image\/","url":"https:\/\/w-realestate.swiss\/wp-content\/uploads\/sites\/247\/2021\/03\/LOGO_W-REALESATE_Companie.svg","contentUrl":"https:\/\/w-realestate.swiss\/wp-content\/uploads\/sites\/247\/2021\/03\/LOGO_W-REALESATE_Companie.svg","caption":"W Real Estate"},"image":{"@id":"https:\/\/w-realestate.swiss\/fr\/#\/schema\/logo\/image\/"}}]}},"_links":{"self":[{"href":"https:\/\/w-realestate.swiss\/fr\/wp-json\/wp\/v2\/pages\/6503","targetHints":{"allow":["GET"]}}],"collection":[{"href":"https:\/\/w-realestate.swiss\/fr\/wp-json\/wp\/v2\/pages"}],"about":[{"href":"https:\/\/w-realestate.swiss\/fr\/wp-json\/wp\/v2\/types\/page"}],"author":[{"embeddable":true,"href":"https:\/\/w-realestate.swiss\/fr\/wp-json\/wp\/v2\/users\/2"}],"replies":[{"embeddable":true,"href":"https:\/\/w-realestate.swiss\/fr\/wp-json\/wp\/v2\/comments?post=6503"}],"version-history":[{"count":0,"href":"https:\/\/w-realestate.swiss\/fr\/wp-json\/wp\/v2\/pages\/6503\/revisions"}],"wp:attachment":[{"href":"https:\/\/w-realestate.swiss\/fr\/wp-json\/wp\/v2\/media?parent=6503"}],"curies":[{"name":"wp","href":"https:\/\/api.w.org\/{rel}","templated":true}]}}